{"id":3607,"date":"2023-09-14T16:16:20","date_gmt":"2023-09-14T14:16:20","guid":{"rendered":"https:\/\/roedl-architekten.de\/new-administration-building-in-boeblingen\/"},"modified":"2023-09-22T07:24:53","modified_gmt":"2023-09-22T05:24:53","slug":"new-administration-building-in-boeblingen","status":"publish","type":"page","link":"https:\/\/roedl-architekten.de\/en\/commercial\/new-administration-building-in-boeblingen\/","title":{"rendered":"NEW ADMINISTRATION BUILDING IN B\u00d6BLINGEN"},"content":{"rendered":"\t\t<div data-elementor-type=\"wp-page\" data-elementor-id=\"3607\" class=\"elementor elementor-3607 elementor-2389\" data-elementor-post-type=\"page\">\n\t\t\t\t\t\t<section class=\"elementor-section elementor-top-section elementor-element elementor-element-18b7c44d elementor-section-full_width elementor-section-height-min-height elementor-section-items-stretch elementor-section-height-default\" data-id=\"18b7c44d\" data-element_type=\"section\" data-e-type=\"section\" data-settings=\"{&quot;background_background&quot;:&quot;classic&quot;,&quot;background_motion_fx_motion_fx_scrolling&quot;:&quot;yes&quot;,&quot;background_motion_fx_translateY_effect&quot;:&quot;yes&quot;,&quot;background_motion_fx_translateY_speed&quot;:{&quot;unit&quot;:&quot;px&quot;,&quot;size&quot;:2,&quot;sizes&quot;:[]},&quot;background_motion_fx_translateY_affectedRange&quot;:{&quot;unit&quot;:&quot;%&quot;,&quot;size&quot;:&quot;&quot;,&quot;sizes&quot;:{&quot;start&quot;:0,&quot;end&quot;:100}},&quot;background_motion_fx_devices&quot;:[&quot;desktop&quot;,&quot;tablet&quot;,&quot;mobile&quot;]}\">\n\t\t\t\t\t\t\t<div class=\"elementor-background-overlay\"><\/div>\n\t\t\t\t\t\t\t<div class=\"elementor-container elementor-column-gap-no\">\n\t\t\t\t\t<div class=\"elementor-column elementor-col-100 elementor-top-column elementor-element elementor-element-348b232d\" data-id=\"348b232d\" data-element_type=\"column\" data-e-type=\"column\">\n\t\t\t<div class=\"elementor-widget-wrap elementor-element-populated\">\n\t\t\t\t\t\t<div class=\"elementor-element elementor-element-4cb236d elementor-widget elementor-widget-heading\" data-id=\"4cb236d\" data-element_type=\"widget\" data-e-type=\"widget\" data-widget_type=\"heading.default\">\n\t\t\t\t<div class=\"elementor-widget-container\">\n\t\t\t\t\t<h1 class=\"elementor-heading-title elementor-size-default\">NEW ADMINISTRATION BUILDING IN B\u00d6BLINGEN<\/h1>\t\t\t\t<\/div>\n\t\t\t\t<\/div>\n\t\t\t\t\t<\/div>\n\t\t<\/div>\n\t\t\t\t\t<\/div>\n\t\t<\/section>\n\t\t\t\t<section class=\"elementor-section elementor-top-section elementor-element elementor-element-49545fd5 elementor-section-full_width elementor-section-height-min-height elementor-section-height-default elementor-section-items-middle\" data-id=\"49545fd5\" data-element_type=\"section\" data-e-type=\"section\" data-settings=\"{&quot;background_background&quot;:&quot;classic&quot;}\">\n\t\t\t\t\t\t<div class=\"elementor-container elementor-column-gap-no\">\n\t\t\t\t\t<div class=\"elementor-column elementor-col-100 elementor-top-column elementor-element elementor-element-17f5621\" data-id=\"17f5621\" data-element_type=\"column\" data-e-type=\"column\">\n\t\t\t<div class=\"elementor-widget-wrap\">\n\t\t\t\t\t\t\t<\/div>\n\t\t<\/div>\n\t\t\t\t\t<\/div>\n\t\t<\/section>\n\t\t\t\t<section class=\"elementor-section elementor-top-section elementor-element elementor-element-6312e96f elementor-section-full_width elementor-reverse-mobile elementor-reverse-tablet elementor-section-height-default elementor-section-height-default\" data-id=\"6312e96f\" data-element_type=\"section\" data-e-type=\"section\">\n\t\t\t\t\t\t<div class=\"elementor-container elementor-column-gap-no\">\n\t\t\t\t\t<div class=\"elementor-column elementor-col-50 elementor-top-column elementor-element elementor-element-4351d1a7\" data-id=\"4351d1a7\" data-element_type=\"column\" data-e-type=\"column\">\n\t\t\t<div class=\"elementor-widget-wrap elementor-element-populated\">\n\t\t\t\t\t\t<div class=\"elementor-element elementor-element-642e95c elementor-widget elementor-widget-global elementor-global-2999 elementor-widget-image\" data-id=\"642e95c\" data-element_type=\"widget\" data-e-type=\"widget\" data-widget_type=\"image.default\">\n\t\t\t\t<div class=\"elementor-widget-container\">\n\t\t\t\t\t\t\t\t\t\t\t\t\t\t\t<img fetchpriority=\"high\" decoding=\"async\" width=\"1000\" height=\"498\" src=\"https:\/\/roedl-architekten.de\/wp-content\/uploads\/2023\/08\/RoedlLogo_Final.png\" class=\"attachment-large size-large wp-image-1055\" alt=\"\" srcset=\"https:\/\/roedl-architekten.de\/wp-content\/uploads\/2023\/08\/RoedlLogo_Final.png 1000w, https:\/\/roedl-architekten.de\/wp-content\/uploads\/2023\/08\/RoedlLogo_Final-300x149.png 300w, https:\/\/roedl-architekten.de\/wp-content\/uploads\/2023\/08\/RoedlLogo_Final-768x382.png 768w\" sizes=\"(max-width: 1000px) 100vw, 1000px\" \/>\t\t\t\t\t\t\t\t\t\t\t\t\t\t\t<\/div>\n\t\t\t\t<\/div>\n\t\t\t\t\t<\/div>\n\t\t<\/div>\n\t\t\t\t<div class=\"elementor-column elementor-col-50 elementor-top-column elementor-element elementor-element-79547854\" data-id=\"79547854\" data-element_type=\"column\" data-e-type=\"column\">\n\t\t\t<div class=\"elementor-widget-wrap elementor-element-populated\">\n\t\t\t\t\t\t<div class=\"elementor-element elementor-element-5bad30b9 elementor-widget__width-initial elementor-widget elementor-widget-image-carousel\" data-id=\"5bad30b9\" data-element_type=\"widget\" data-e-type=\"widget\" data-settings=\"{&quot;slides_to_show&quot;:&quot;4&quot;,&quot;navigation&quot;:&quot;none&quot;,&quot;slides_to_show_tablet&quot;:&quot;4&quot;,&quot;slides_to_show_mobile&quot;:&quot;4&quot;,&quot;autoplay&quot;:&quot;yes&quot;,&quot;pause_on_hover&quot;:&quot;yes&quot;,&quot;pause_on_interaction&quot;:&quot;yes&quot;,&quot;autoplay_speed&quot;:5000,&quot;infinite&quot;:&quot;yes&quot;,&quot;speed&quot;:500}\" data-widget_type=\"image-carousel.default\">\n\t\t\t\t<div class=\"elementor-widget-container\">\n\t\t\t\t\t\t\t<div class=\"elementor-image-carousel-wrapper swiper\" role=\"region\" aria-roledescription=\"carousel\" aria-label=\"Image Carousel\" dir=\"ltr\">\n\t\t\t<div class=\"elementor-image-carousel swiper-wrapper swiper-image-stretch\" aria-live=\"off\">\n\t\t\t\t\t\t\t\t<div class=\"swiper-slide\" role=\"group\" aria-roledescription=\"slide\" aria-label=\"1 of 6\"><figure class=\"swiper-slide-inner\"><img decoding=\"async\" class=\"swiper-slide-image\" src=\"https:\/\/roedl-architekten.de\/wp-content\/uploads\/elementor\/thumbs\/neubau_verwaltungsgebaeude_in_boeblingen_4_20170423_1237560492-2-qceijvw9lca4ppwzklus20fm3xa1mzr9d4rht9zpfs.jpg\" alt=\"neubau_verwaltungsgebaeude_in_boeblingen_4_20170423_1237560492\" \/><\/figure><\/div><div class=\"swiper-slide\" role=\"group\" aria-roledescription=\"slide\" aria-label=\"2 of 6\"><figure class=\"swiper-slide-inner\"><img decoding=\"async\" class=\"swiper-slide-image\" src=\"https:\/\/roedl-architekten.de\/wp-content\/uploads\/elementor\/thumbs\/neubau_verwaltungsgebaeude_in_boeblingen_1_20170423_1451695705-4-qceiims0hakd8fqiw2coqbthlfgfdis56xg6rzulqg.jpg\" alt=\"neubau_verwaltungsgebaeude_in_boeblingen_1_20170423_1451695705\" \/><\/figure><\/div><div class=\"swiper-slide\" role=\"group\" aria-roledescription=\"slide\" aria-label=\"3 of 6\"><figure class=\"swiper-slide-inner\"><img decoding=\"async\" class=\"swiper-slide-image\" src=\"https:\/\/roedl-architekten.de\/wp-content\/uploads\/elementor\/thumbs\/neubau_verwaltungsgebaeude_in_boeblingen_3_20170423_1563074216-2-qceijwu3s6bf1bvmf49emi72pb5euouzp9ezajyb9k.jpg\" alt=\"neubau_verwaltungsgebaeude_in_boeblingen_3_20170423_1563074216\" \/><\/figure><\/div><div class=\"swiper-slide\" role=\"group\" aria-roledescription=\"slide\" aria-label=\"4 of 6\"><figure class=\"swiper-slide-inner\"><img decoding=\"async\" class=\"swiper-slide-image\" src=\"https:\/\/roedl-architekten.de\/wp-content\/uploads\/elementor\/thumbs\/neubau_verwaltungsgebaeude_in_boeblingen_2_20170423_1571256008-2-qceijwu3s6bf1bvmf49emi72pb5euouzp9ezajyb9k.jpg\" alt=\"neubau_verwaltungsgebaeude_in_boeblingen_2_20170423_1571256008\" \/><\/figure><\/div><div class=\"swiper-slide\" role=\"group\" aria-roledescription=\"slide\" aria-label=\"5 of 6\"><figure class=\"swiper-slide-inner\"><img decoding=\"async\" class=\"swiper-slide-image\" src=\"https:\/\/roedl-architekten.de\/wp-content\/uploads\/elementor\/thumbs\/neubau_verwaltungsgebaeude_in_boeblingen_5_20170423_1521696509-2-qceijxrxz0cpcxu99mo16zyjap0s2dyq1e2grtwx3c.jpg\" alt=\"neubau_verwaltungsgebaeude_in_boeblingen_5_20170423_1521696509\" \/><\/figure><\/div><div class=\"swiper-slide\" role=\"group\" aria-roledescription=\"slide\" aria-label=\"6 of 6\"><figure class=\"swiper-slide-inner\"><img decoding=\"async\" class=\"swiper-slide-image\" src=\"https:\/\/roedl-architekten.de\/wp-content\/uploads\/elementor\/thumbs\/schmal-scaled-qc2epchrw746xbasas9qnyqieny54yel46ar50idfs.jpg\" alt=\"schmal\" \/><\/figure><\/div>\t\t\t<\/div>\n\t\t\t\t\t\t\t\n\t\t\t\t\t\t\t\t\t<\/div>\n\t\t\t\t\t\t<\/div>\n\t\t\t\t<\/div>\n\t\t\t\t\t<\/div>\n\t\t<\/div>\n\t\t\t\t\t<\/div>\n\t\t<\/section>\n\t\t\t\t<section class=\"elementor-section elementor-top-section elementor-element elementor-element-3fcf620 elementor-section-full_width elementor-section-height-default elementor-section-height-default\" data-id=\"3fcf620\" data-element_type=\"section\" data-e-type=\"section\">\n\t\t\t\t\t\t<div class=\"elementor-container elementor-column-gap-default\">\n\t\t\t\t\t<div class=\"elementor-column elementor-col-50 elementor-top-column elementor-element elementor-element-24ac4c6f\" data-id=\"24ac4c6f\" data-element_type=\"column\" data-e-type=\"column\" data-settings=\"{&quot;background_background&quot;:&quot;classic&quot;}\">\n\t\t\t<div class=\"elementor-widget-wrap elementor-element-populated\">\n\t\t\t\t\t<div class=\"elementor-background-overlay\"><\/div>\n\t\t\t\t\t\t<div class=\"elementor-element elementor-element-452efa07 elementor-widget elementor-widget-spacer\" data-id=\"452efa07\" data-element_type=\"widget\" data-e-type=\"widget\" data-widget_type=\"spacer.default\">\n\t\t\t\t<div class=\"elementor-widget-container\">\n\t\t\t\t\t\t\t<div class=\"elementor-spacer\">\n\t\t\t<div class=\"elementor-spacer-inner\"><\/div>\n\t\t<\/div>\n\t\t\t\t\t\t<\/div>\n\t\t\t\t<\/div>\n\t\t\t\t\t<\/div>\n\t\t<\/div>\n\t\t\t\t<div class=\"elementor-column elementor-col-50 elementor-top-column elementor-element elementor-element-32761575\" data-id=\"32761575\" data-element_type=\"column\" data-e-type=\"column\">\n\t\t\t<div class=\"elementor-widget-wrap elementor-element-populated\">\n\t\t\t\t\t\t<div class=\"elementor-element elementor-element-26820251 elementor-widget elementor-widget-heading\" data-id=\"26820251\" data-element_type=\"widget\" data-e-type=\"widget\" data-widget_type=\"heading.default\">\n\t\t\t\t<div class=\"elementor-widget-container\">\n\t\t\t\t\t<h1 class=\"elementor-heading-title elementor-size-default\">NEW ADMINISTRATION BUILDING IN B\u00d6BLINGEN<\/h1>\t\t\t\t<\/div>\n\t\t\t\t<\/div>\n\t\t\t\t<div class=\"elementor-element elementor-element-97dd568 elementor-widget elementor-widget-text-editor\" data-id=\"97dd568\" data-element_type=\"widget\" data-e-type=\"widget\" data-widget_type=\"text-editor.default\">\n\t\t\t\t<div class=\"elementor-widget-container\">\n\t\t\t\t\t\t\t\t\t<p>New administration building in B\u00f6blingen, renovation of existing building.<\/p>\n<p>Builder: Company Pfinder GmbH &amp; Co.<\/p>\n\t\t\t\t\t\t\t\t<\/div>\n\t\t\t\t<\/div>\n\t\t\t\t\t<\/div>\n\t\t<\/div>\n\t\t\t\t\t<\/div>\n\t\t<\/section>\n\t\t\t\t<section class=\"elementor-section elementor-top-section elementor-element elementor-element-1f8547b4 elementor-section-full_width elementor-section-height-default elementor-section-height-default\" data-id=\"1f8547b4\" data-element_type=\"section\" data-e-type=\"section\">\n\t\t\t\t\t\t<div class=\"elementor-container elementor-column-gap-default\">\n\t\t\t\t\t<div class=\"elementor-column elementor-col-100 elementor-top-column elementor-element elementor-element-35db1a5c\" data-id=\"35db1a5c\" data-element_type=\"column\" data-e-type=\"column\">\n\t\t\t<div class=\"elementor-widget-wrap elementor-element-populated\">\n\t\t\t\t\t\t<div class=\"elementor-element elementor-element-38243615 elementor-widget elementor-widget-gallery\" data-id=\"38243615\" data-element_type=\"widget\" data-e-type=\"widget\" data-settings=\"{&quot;columns_mobile&quot;:2,&quot;gap_mobile&quot;:{&quot;unit&quot;:&quot;px&quot;,&quot;size&quot;:7,&quot;sizes&quot;:[]},&quot;lazyload&quot;:&quot;yes&quot;,&quot;gallery_layout&quot;:&quot;grid&quot;,&quot;columns&quot;:4,&quot;columns_tablet&quot;:2,&quot;gap&quot;:{&quot;unit&quot;:&quot;px&quot;,&quot;size&quot;:10,&quot;sizes&quot;:[]},&quot;gap_tablet&quot;:{&quot;unit&quot;:&quot;px&quot;,&quot;size&quot;:10,&quot;sizes&quot;:[]},&quot;link_to&quot;:&quot;file&quot;,&quot;aspect_ratio&quot;:&quot;3:2&quot;,&quot;overlay_background&quot;:&quot;yes&quot;,&quot;content_hover_animation&quot;:&quot;fade-in&quot;}\" data-widget_type=\"gallery.default\">\n\t\t\t\t<div class=\"elementor-widget-container\">\n\t\t\t\t\t\t\t<div class=\"elementor-gallery__container\">\n\t\t\t\t\t\t\t<a class=\"e-gallery-item elementor-gallery-item elementor-animated-content\" href=\"https:\/\/roedl-architekten.de\/wp-content\/uploads\/2023\/09\/neubau_verwaltungsgebaeude_in_boeblingen_1_20170423_1451695705-4.jpg\" data-elementor-open-lightbox=\"yes\" data-elementor-lightbox-slideshow=\"38243615\" data-elementor-lightbox-title=\"neubau_verwaltungsgebaeude_in_boeblingen_1_20170423_1451695705\" data-e-action-hash=\"#elementor-action%3Aaction%3Dlightbox%26settings%3DeyJpZCI6MjM3NSwidXJsIjoiaHR0cHM6XC9cL3JvZWRsLWFyY2hpdGVrdGVuLmRlXC93cC1jb250ZW50XC91cGxvYWRzXC8yMDIzXC8wOVwvbmV1YmF1X3ZlcndhbHR1bmdzZ2ViYWV1ZGVfaW5fYm9lYmxpbmdlbl8xXzIwMTcwNDIzXzE0NTE2OTU3MDUtNC5qcGciLCJzbGlkZXNob3ciOiIzODI0MzYxNSJ9\">\n\t\t\t\t\t<div class=\"e-gallery-image elementor-gallery-item__image\" data-thumbnail=\"https:\/\/roedl-architekten.de\/wp-content\/uploads\/2023\/09\/neubau_verwaltungsgebaeude_in_boeblingen_1_20170423_1451695705-4.jpg\" data-width=\"370\" data-height=\"240\" aria-label=\"\" role=\"img\" ><\/div>\n\t\t\t\t\t\t\t\t\t\t\t<div class=\"elementor-gallery-item__overlay\"><\/div>\n\t\t\t\t\t\t\t\t\t\t\t\t\t\t<\/a>\n\t\t\t\t\t\t\t<a class=\"e-gallery-item elementor-gallery-item elementor-animated-content\" href=\"https:\/\/roedl-architekten.de\/wp-content\/uploads\/2023\/09\/neubau_verwaltungsgebaeude_in_boeblingen_4_20170423_1237560492-2.jpg\" data-elementor-open-lightbox=\"yes\" data-elementor-lightbox-slideshow=\"38243615\" data-elementor-lightbox-title=\"neubau_verwaltungsgebaeude_in_boeblingen_4_20170423_1237560492\" data-e-action-hash=\"#elementor-action%3Aaction%3Dlightbox%26settings%3DeyJpZCI6MjM3OSwidXJsIjoiaHR0cHM6XC9cL3JvZWRsLWFyY2hpdGVrdGVuLmRlXC93cC1jb250ZW50XC91cGxvYWRzXC8yMDIzXC8wOVwvbmV1YmF1X3ZlcndhbHR1bmdzZ2ViYWV1ZGVfaW5fYm9lYmxpbmdlbl80XzIwMTcwNDIzXzEyMzc1NjA0OTItMi5qcGciLCJzbGlkZXNob3ciOiIzODI0MzYxNSJ9\">\n\t\t\t\t\t<div class=\"e-gallery-image elementor-gallery-item__image\" data-thumbnail=\"https:\/\/roedl-architekten.de\/wp-content\/uploads\/2023\/09\/neubau_verwaltungsgebaeude_in_boeblingen_4_20170423_1237560492-2.jpg\" data-width=\"370\" data-height=\"240\" aria-label=\"\" role=\"img\" ><\/div>\n\t\t\t\t\t\t\t\t\t\t\t<div class=\"elementor-gallery-item__overlay\"><\/div>\n\t\t\t\t\t\t\t\t\t\t\t\t\t\t<\/a>\n\t\t\t\t\t\t\t<a class=\"e-gallery-item elementor-gallery-item elementor-animated-content\" href=\"https:\/\/roedl-architekten.de\/wp-content\/uploads\/2023\/09\/neubau_verwaltungsgebaeude_in_boeblingen_3_20170423_1563074216-2.jpg\" data-elementor-open-lightbox=\"yes\" data-elementor-lightbox-slideshow=\"38243615\" data-elementor-lightbox-title=\"neubau_verwaltungsgebaeude_in_boeblingen_3_20170423_1563074216\" data-e-action-hash=\"#elementor-action%3Aaction%3Dlightbox%26settings%3DeyJpZCI6MjM4MSwidXJsIjoiaHR0cHM6XC9cL3JvZWRsLWFyY2hpdGVrdGVuLmRlXC93cC1jb250ZW50XC91cGxvYWRzXC8yMDIzXC8wOVwvbmV1YmF1X3ZlcndhbHR1bmdzZ2ViYWV1ZGVfaW5fYm9lYmxpbmdlbl8zXzIwMTcwNDIzXzE1NjMwNzQyMTYtMi5qcGciLCJzbGlkZXNob3ciOiIzODI0MzYxNSJ9\">\n\t\t\t\t\t<div class=\"e-gallery-image elementor-gallery-item__image\" data-thumbnail=\"https:\/\/roedl-architekten.de\/wp-content\/uploads\/2023\/09\/neubau_verwaltungsgebaeude_in_boeblingen_3_20170423_1563074216-2.jpg\" data-width=\"370\" data-height=\"240\" aria-label=\"\" role=\"img\" ><\/div>\n\t\t\t\t\t\t\t\t\t\t\t<div class=\"elementor-gallery-item__overlay\"><\/div>\n\t\t\t\t\t\t\t\t\t\t\t\t\t\t<\/a>\n\t\t\t\t\t\t\t<a class=\"e-gallery-item elementor-gallery-item elementor-animated-content\" href=\"https:\/\/roedl-architekten.de\/wp-content\/uploads\/2023\/09\/neubau_verwaltungsgebaeude_in_boeblingen_2_20170423_1571256008-2.jpg\" data-elementor-open-lightbox=\"yes\" data-elementor-lightbox-slideshow=\"38243615\" data-elementor-lightbox-title=\"neubau_verwaltungsgebaeude_in_boeblingen_2_20170423_1571256008\" data-e-action-hash=\"#elementor-action%3Aaction%3Dlightbox%26settings%3DeyJpZCI6MjM4MywidXJsIjoiaHR0cHM6XC9cL3JvZWRsLWFyY2hpdGVrdGVuLmRlXC93cC1jb250ZW50XC91cGxvYWRzXC8yMDIzXC8wOVwvbmV1YmF1X3ZlcndhbHR1bmdzZ2ViYWV1ZGVfaW5fYm9lYmxpbmdlbl8yXzIwMTcwNDIzXzE1NzEyNTYwMDgtMi5qcGciLCJzbGlkZXNob3ciOiIzODI0MzYxNSJ9\">\n\t\t\t\t\t<div class=\"e-gallery-image elementor-gallery-item__image\" data-thumbnail=\"https:\/\/roedl-architekten.de\/wp-content\/uploads\/2023\/09\/neubau_verwaltungsgebaeude_in_boeblingen_2_20170423_1571256008-2.jpg\" data-width=\"370\" data-height=\"240\" aria-label=\"\" role=\"img\" ><\/div>\n\t\t\t\t\t\t\t\t\t\t\t<div class=\"elementor-gallery-item__overlay\"><\/div>\n\t\t\t\t\t\t\t\t\t\t\t\t\t\t<\/a>\n\t\t\t\t\t\t\t<a class=\"e-gallery-item elementor-gallery-item elementor-animated-content\" href=\"https:\/\/roedl-architekten.de\/wp-content\/uploads\/2023\/09\/neubau_verwaltungsgebaeude_in_boeblingen_5_20170423_1521696509-2.jpg\" data-elementor-open-lightbox=\"yes\" data-elementor-lightbox-slideshow=\"38243615\" data-elementor-lightbox-title=\"neubau_verwaltungsgebaeude_in_boeblingen_5_20170423_1521696509\" data-e-action-hash=\"#elementor-action%3Aaction%3Dlightbox%26settings%3DeyJpZCI6MjM4NSwidXJsIjoiaHR0cHM6XC9cL3JvZWRsLWFyY2hpdGVrdGVuLmRlXC93cC1jb250ZW50XC91cGxvYWRzXC8yMDIzXC8wOVwvbmV1YmF1X3ZlcndhbHR1bmdzZ2ViYWV1ZGVfaW5fYm9lYmxpbmdlbl81XzIwMTcwNDIzXzE1MjE2OTY1MDktMi5qcGciLCJzbGlkZXNob3ciOiIzODI0MzYxNSJ9\">\n\t\t\t\t\t<div class=\"e-gallery-image elementor-gallery-item__image\" data-thumbnail=\"https:\/\/roedl-architekten.de\/wp-content\/uploads\/2023\/09\/neubau_verwaltungsgebaeude_in_boeblingen_5_20170423_1521696509-2.jpg\" data-width=\"370\" data-height=\"240\" aria-label=\"\" role=\"img\" ><\/div>\n\t\t\t\t\t\t\t\t\t\t\t<div class=\"elementor-gallery-item__overlay\"><\/div>\n\t\t\t\t\t\t\t\t\t\t\t\t\t\t<\/a>\n\t\t\t\t\t\t\t<a class=\"e-gallery-item elementor-gallery-item elementor-animated-content\" href=\"https:\/\/roedl-architekten.de\/wp-content\/uploads\/2023\/09\/schmal-scaled.jpg\" data-elementor-open-lightbox=\"yes\" data-elementor-lightbox-slideshow=\"38243615\" data-elementor-lightbox-title=\"schmal\" data-e-action-hash=\"#elementor-action%3Aaction%3Dlightbox%26settings%3DeyJpZCI6MTkxMSwidXJsIjoiaHR0cHM6XC9cL3JvZWRsLWFyY2hpdGVrdGVuLmRlXC93cC1jb250ZW50XC91cGxvYWRzXC8yMDIzXC8wOVwvc2NobWFsLXNjYWxlZC5qcGciLCJzbGlkZXNob3ciOiIzODI0MzYxNSJ9\">\n\t\t\t\t\t<div class=\"e-gallery-image elementor-gallery-item__image\" data-thumbnail=\"https:\/\/roedl-architekten.de\/wp-content\/uploads\/2023\/09\/schmal-768x515.jpg\" data-width=\"768\" data-height=\"515\" aria-label=\"\" role=\"img\" ><\/div>\n\t\t\t\t\t\t\t\t\t\t\t<div class=\"elementor-gallery-item__overlay\"><\/div>\n\t\t\t\t\t\t\t\t\t\t\t\t\t\t<\/a>\n\t\t\t\t\t<\/div>\n\t\t\t\t\t<\/div>\n\t\t\t\t<\/div>\n\t\t\t\t\t<\/div>\n\t\t<\/div>\n\t\t\t\t\t<\/div>\n\t\t<\/section>\n\t\t\t\t<\/div>\n\t\t","protected":false},"excerpt":{"rendered":"<p>NEW ADMINISTRATION BUILDING IN B\u00d6BLINGEN SEIT 1958 NEW ADMINISTRATION BUILDING IN B\u00d6BLINGEN New administration building in B\u00f6blingen, renovation of existing building. Builder: Company Pfinder GmbH &amp; Co.<\/p>\n","protected":false},"author":1,"featured_media":0,"parent":3667,"menu_order":0,"comment_status":"closed","ping_status":"closed","template":"","meta":{"site-sidebar-layout":"no-sidebar","site-content-layout":"page-builder","ast-site-content-layout":"default","site-content-style":"default","site-sidebar-style":"default","ast-global-header-display":"","ast-banner-title-visibility":"","ast-main-header-display":"","ast-hfb-above-header-display":"","ast-hfb-below-header-display":"","ast-hfb-mobile-header-display":"","site-post-title":"disabled","ast-breadcrumbs-content":"","ast-featured-img":"disabled","footer-sml-layout":"","ast-disable-related-posts":"","theme-transparent-header-meta":"default","adv-header-id-meta":"","stick-header-meta":"","header-above-stick-meta":"","header-main-stick-meta":"","header-below-stick-meta":"","astra-migrate-meta-layouts":"default","ast-page-background-enabled":"default","ast-page-background-meta":{"desktop":{"background-color":"var(--ast-global-color-4)","background-image":"","background-repeat":"repeat","background-position":"center center","background-size":"auto","background-attachment":"scroll","background-type":"","background-media":"","overlay-type":"","overlay-color":"","overlay-opacity":"","overlay-gradient":""},"tablet":{"background-color":"","background-image":"","background-repeat":"repeat","background-position":"center center","background-size":"auto","background-attachment":"scroll","background-type":"","background-media":"","overlay-type":"","overlay-color":"","overlay-opacity":"","overlay-gradient":""},"mobile":{"background-color":"","background-image":"","background-repeat":"repeat","background-position":"center center","background-size":"auto","background-attachment":"scroll","background-type":"","background-media":"","overlay-type":"","overlay-color":"","overlay-opacity":"","overlay-gradient":""}},"ast-content-background-meta":{"desktop":{"background-color":"var(--ast-global-color-5)","background-image":"","background-repeat":"repeat","background-position":"center center","background-size":"auto","background-attachment":"scroll","background-type":"","background-media":"","overlay-type":"","overlay-color":"","overlay-opacity":"","overlay-gradient":""},"tablet":{"background-color":"var(--ast-global-color-5)","background-image":"","background-repeat":"repeat","background-position":"center center","background-size":"auto","background-attachment":"scroll","background-type":"","background-media":"","overlay-type":"","overlay-color":"","overlay-opacity":"","overlay-gradient":""},"mobile":{"background-color":"var(--ast-global-color-5)","background-image":"","background-repeat":"repeat","background-position":"center center","background-size":"auto","background-attachment":"scroll","background-type":"","background-media":"","overlay-type":"","overlay-color":"","overlay-opacity":"","overlay-gradient":""}},"footnotes":""},"class_list":["post-3607","page","type-page","status-publish","hentry"],"_links":{"self":[{"href":"https:\/\/roedl-architekten.de\/en\/wp-json\/wp\/v2\/pages\/3607","targetHints":{"allow":["GET"]}}],"collection":[{"href":"https:\/\/roedl-architekten.de\/en\/wp-json\/wp\/v2\/pages"}],"about":[{"href":"https:\/\/roedl-architekten.de\/en\/wp-json\/wp\/v2\/types\/page"}],"author":[{"embeddable":true,"href":"https:\/\/roedl-architekten.de\/en\/wp-json\/wp\/v2\/users\/1"}],"replies":[{"embeddable":true,"href":"https:\/\/roedl-architekten.de\/en\/wp-json\/wp\/v2\/comments?post=3607"}],"version-history":[{"count":13,"href":"https:\/\/roedl-architekten.de\/en\/wp-json\/wp\/v2\/pages\/3607\/revisions"}],"predecessor-version":[{"id":4227,"href":"https:\/\/roedl-architekten.de\/en\/wp-json\/wp\/v2\/pages\/3607\/revisions\/4227"}],"up":[{"embeddable":true,"href":"https:\/\/roedl-architekten.de\/en\/wp-json\/wp\/v2\/pages\/3667"}],"wp:attachment":[{"href":"https:\/\/roedl-architekten.de\/en\/wp-json\/wp\/v2\/media?parent=3607"}],"curies":[{"name":"wp","href":"https:\/\/api.w.org\/{rel}","templated":true}]}}